{"id":570,"date":"2012-06-26T11:17:53","date_gmt":"2012-06-26T09:17:53","guid":{"rendered":"https:\/\/www.genval-architecture.be\/?page_id=570"},"modified":"2023-02-02T16:43:20","modified_gmt":"2023-02-02T15:43:20","slug":"clients","status":"publish","type":"page","link":"https:\/\/www.genval-architecture.be\/en\/latelier\/clients\/","title":{"rendered":"Clients"},"content":{"rendered":"<h6>\u00a0A.D.C.-Antwerps Diamant Centrum<\/h6>\n<h6>AG 1824<\/h6>\n<h6>Alfa Hotels<\/h6>\n<h6>Aran\u00e4s \/ Asticus<\/h6>\n<h6>Axa Belgium<\/h6>\n<h6>Bacob<\/h6>\n<h6>Banimmo<\/h6>\n<h6>Batipromo<\/h6>\n<h6>Bekaert<\/h6>\n<h6>Bernheim-Comofi<\/h6>\n<h6>Blaton Group<\/h6>\n<h6>Bouygues Immobilier<\/h6>\n<h6>BP Oil Europe<\/h6>\n<h6>Buelens<\/h6>\n<h6>C.F.E.<\/h6>\n<h6>Calar-Cabesa Partners<\/h6>\n<h6>Calo d&#8217;en Real<\/h6>\n<h6>CDP-Compagnie de Promotion<\/h6>\n<h6>CIB-lmmobel<\/h6>\n<h6>City Hotels<\/h6>\n<h6>Codenco<\/h6>\n<h6>Codic<\/h6>\n<h6>Codic &#8211; Pylos<\/h6>\n<h6>Cofinimmo \u00b7<\/h6>\n<h6>Communaut\u00e9 Fran\u00e7aise<\/h6>\n<h6>Commune de La Hulpe<\/h6>\n<h6>Commune de Lasne<\/h6>\n<h6>Compagnie Intercommunale Bruxelloise des Eaux-C.I.B.E.<\/h6>\n<h6>Compagnie Mobili\u00e8re et Fonci\u00e8re du Bois Sauvage<\/h6>\n<h6>Conseil de l&#8217;Union Europ\u00e9enne<\/h6>\n<h6>Cr\u00e9dit Agricole Hong Kong<\/h6>\n<h6>Delhaize Le Lion<\/h6>\n<h6>EDC<\/h6>\n<h6>Entrema<\/h6>\n<h6>Equilis<\/h6>\n<h6>Euroclear<\/h6>\n<h6>Financi\u00e8re Lecocq<\/h6>\n<h6>Fonds des Invalidit\u00e9s Coloniales<\/h6>\n<h6>Fortis<\/h6>\n<h6>Fortis RED<\/h6>\n<h6>G.F.S., Germany<\/h6>\n<h6>Galliford<\/h6>\n<h6>G\u00e9n\u00e9rale de Banque<\/h6>\n<h6>Glaverbel<\/h6>\n<h6>Golfinger<\/h6>\n<h6>Herpain<\/h6>\n<h6>H\u00f4tel Metropole<\/h6>\n<h6>I.M.S.<\/h6>\n<h6>IBM Belgium<\/h6>\n<h6>Immo Legia<\/h6>\n<h6>Immobili\u00e8re Boulevard Jacqmain<\/h6>\n<h6>Immobili\u00e8re de Waele-l.L.D.W.D.<\/h6>\n<h6>Immobili\u00e8re des \u00c9tangs<\/h6>\n<h6>Inter Ikea<\/h6>\n<h6>Investimmo<\/h6>\n<h6>ITT Sheraton Corporation<\/h6>\n<h6>Kairos<\/h6>\n<h6>Kungsleden<\/h6>\n<h6>L&#8217;Investissement Foncier Chauss\u00e9e de La Hulpe<\/h6>\n<h6>Larix Property (Inter Ikea)<\/h6>\n<h6>Le Nouveau Palace<\/h6>\n<h6>Madou Plaza<\/h6>\n<h6>Maurice Delens<\/h6>\n<h6>Mechim<\/h6>\n<h6>Minist\u00e8re des Affaires \u00c9conomiques<\/h6>\n<h6>Mister Minit<\/h6>\n<h6>Mobistar<\/h6>\n<h6>Morgan Guaranty Trust Company of New York<\/h6>\n<h6>P&amp;C<\/h6>\n<h6>Pinus Proprius<\/h6>\n<h6>Projectontvvikkelingsmaatschappij lmmo<\/h6>\n<h6>Pronam Aurora<\/h6>\n<h6>Roland Busselen Communications<\/h6>\n<h6>Sacha<\/h6>\n<h6>Sejevi<\/h6>\n<h6>Socatra &#8211;\u00a0 L. De Waele -S.D.S. &#8211; Punt Vastgoed Belgie<\/h6>\n<h6>Soci\u00e9t\u00e9 de l&#8217;Espace L\u00e9opold<\/h6>\n<h6>Solibel<\/h6>\n<h6>Sukranli<\/h6>\n<h6>Swede-Center Landprop Services<\/h6>\n<h6>Ville de Bruxelles<\/h6>\n<h6>Ville de Mons<\/h6>\n<h6>Visimmo immobilier<\/h6>\n<h6>West Invest Investment<\/h6>\n<h6>Wisniowy office park<\/h6>\n<h6>\u00a0<\/h6>\n<h6>\u00a0<\/h6>\n","protected":false},"excerpt":{"rendered":"<p>\u00a0A.D.C.-Antwerps Diamant Centrum AG 1824 Alfa Hotels Aran\u00e4s \/ Asticus Axa Belgium Bacob Banimmo Batipromo Bekaert Bernheim-Comofi Blaton Group Bouygues Immobilier BP Oil Europe Buelens C.F.E. Calar-Cabesa Partners Calo d&#8217;en Real CDP-Compagnie de Promotion CIB-lmmobel City Hotels Codenco Codic Codic &#8211; Pylos Cofinimmo \u00b7 Communaut\u00e9 Fran\u00e7aise Commune de La Hulpe Commune de Lasne Compagnie Intercommunale &#8230;<\/p>\n","protected":false},"author":1,"featured_media":0,"parent":540,"menu_order":40,"comment_status":"closed","ping_status":"closed","template":"template_rightsidebar.php","meta":{"footnotes":""},"class_list":["post-570","page","type-page","status-publish","hentry"],"_links":{"self":[{"href":"https:\/\/www.genval-architecture.be\/en\/wp-json\/wp\/v2\/pages\/570","targetHints":{"allow":["GET"]}}],"collection":[{"href":"https:\/\/www.genval-architecture.be\/en\/wp-json\/wp\/v2\/pages"}],"about":[{"href":"https:\/\/www.genval-architecture.be\/en\/wp-json\/wp\/v2\/types\/page"}],"author":[{"embeddable":true,"href":"https:\/\/www.genval-architecture.be\/en\/wp-json\/wp\/v2\/users\/1"}],"replies":[{"embeddable":true,"href":"https:\/\/www.genval-architecture.be\/en\/wp-json\/wp\/v2\/comments?post=570"}],"version-history":[{"count":0,"href":"https:\/\/www.genval-architecture.be\/en\/wp-json\/wp\/v2\/pages\/570\/revisions"}],"up":[{"embeddable":true,"href":"https:\/\/www.genval-architecture.be\/en\/wp-json\/wp\/v2\/pages\/540"}],"wp:attachment":[{"href":"https:\/\/www.genval-architecture.be\/en\/wp-json\/wp\/v2\/media?parent=570"}],"curies":[{"name":"wp","href":"https:\/\/api.w.org\/{rel}","templated":true}]}}