{"id":1968,"date":"2012-05-27T10:52:41","date_gmt":"2012-05-27T08:52:41","guid":{"rendered":"https:\/\/www.genval-architecture.be\/?page_id=1968"},"modified":"2023-02-02T16:43:21","modified_gmt":"2023-02-02T15:43:21","slug":"videos-en","status":"publish","type":"page","link":"https:\/\/www.genval-architecture.be\/en\/publications\/videos-en\/","title":{"rendered":"Videos"},"content":{"rendered":"<table style=\"height: 200px; width: 300px;\" border=\"0\" align=\"right\">\n<tbody>\n<tr>\n<td><div class='video_frame' data-ratio='1.55' style='height:193px;width:300px'><iframe class='youtube' style='height:100%;width:100%' src='https:\/\/www.youtube.com\/embed\/laAeBROrcZI?autohide=2&amp;controls=1&amp;disablekb=0&amp;fs=1&amp;start=0&amp;loop=0&amp;rel=0&amp;showinfo=0&amp;theme=light&amp;modestbranding=1&amp;wmode=transparent' width='100%' height='100%' frameborder='0' webkitAllowFullScreen mozallowfullscreen allowfullscreen><\/iframe><\/div><\/td>\n<\/tr>\n<\/tbody>\n<\/table>\n<h4>Archi Urbain<\/h4>\n<p>Atelier d&#8217;Architecture de Genval \/ bureau d&#8217;Architectes<\/p>\n<h6>With Andr\u00e9 Jacqmain and Benjamin N\u00e9lis<br \/>\nPlace : bureau de l\u2019Atelier d\u2019architecture \u00e0 Genval<br \/>\nFirst diffusion on T\u00e9l\u00e9-Bruxelles : 15 march 2008<\/h6>\n<p>&nbsp;<\/p>\n<p>&nbsp;<\/p>\n<p>&nbsp;<\/p>\n<table style=\"height: 200px; width: 300px;\" border=\"0\" align=\"right\">\n<tbody>\n<tr>\n<td><div class='video_frame' data-ratio='1.55' style='height:193px;width:300px'><iframe class='youtube' style='height:100%;width:100%' src='https:\/\/www.youtube.com\/embed\/P2veN78Lokc?autohide=2&amp;controls=1&amp;disablekb=0&amp;fs=1&amp;start=0&amp;loop=0&amp;rel=0&amp;showinfo=0&amp;theme=light&amp;modestbranding=1&amp;wmode=transparent' width='100%' height='100%' frameborder='0' webkitAllowFullScreen mozallowfullscreen allowfullscreen><\/iframe><\/div><\/td>\n<\/tr>\n<\/tbody>\n<\/table>\n<h4>Archi Urbain<\/h4>\n<p>Atelier d&#8217;Architecture de Genval \/ Axa<\/p>\n<h6>With Bernard Lizin<br \/>\nPlace : Construction of a building for AXA at Rond Point Schuman<br \/>\nFirst diffusion on T\u00e9l\u00e9-Bruxelles : 22 march 2008<\/h6>\n<p>&nbsp;<\/p>\n<p>&nbsp;<\/p>\n<p>&nbsp;<\/p>\n<table style=\"height: 200px; width: 300px;\" border=\"0\" align=\"right\">\n<tbody>\n<tr>\n<td><div class='video_frame' data-ratio='1.55' style='height:193px;width:300px'><iframe class='youtube' style='height:100%;width:100%' src='https:\/\/www.youtube.com\/embed\/wxetR90j1j0?autohide=2&amp;controls=1&amp;disablekb=0&amp;fs=1&amp;start=0&amp;loop=0&amp;rel=0&amp;showinfo=0&amp;theme=light&amp;modestbranding=1&amp;wmode=transparent' width='100%' height='100%' frameborder='0' webkitAllowFullScreen mozallowfullscreen allowfullscreen><\/iframe><\/div><\/td>\n<\/tr>\n<\/tbody>\n<\/table>\n<h4>Atelier d&#8217;Architecture de Genval<\/h4>\n<p>Atelier d&#8217;Architecture de Genval \/ Axa<\/p>\n<h6>With Bernard Lizin<br \/>\nPlace : Construction of a building for AXA at Rond Point Schuman<\/h6>\n<p>&nbsp;<\/p>\n<p>&nbsp;<\/p>\n<p>&nbsp;<\/p>\n<table style=\"height: 200px; ; width: 300px;\" border=\"0\" align=\"right\">\n<tbody>\n<tr>\n<td><div class='video_frame' data-ratio='1.55' style='height:193px;width:300px'><iframe class='youtube' style='height:100%;width:100%' src='https:\/\/www.youtube.com\/embed\/SULXUfYJykI?autohide=2&amp;controls=1&amp;disablekb=0&amp;fs=1&amp;start=0&amp;loop=0&amp;rel=0&amp;showinfo=0&amp;theme=light&amp;modestbranding=1&amp;wmode=transparent' width='100%' height='100%' frameborder='0' webkitAllowFullScreen mozallowfullscreen allowfullscreen><\/iframe><\/div><\/td>\n<\/tr>\n<\/tbody>\n<\/table>\n<h4>Archi Urbain<\/h4>\n<p>Atelier d&#8217;Architecture de Genval \/ Quartier Europ\u00e9en<\/p>\n<h6>With Benjamin Nelis, Paul Hof<br \/>\nPlace : European district, Ixelles<br \/>\nFirst diffusion on T\u00e9l\u00e9-Bruxelles : 14 june 2008<\/h6>\n<p>&nbsp;<\/p>\n<p>&nbsp;<\/p>\n<p>&nbsp;<\/p>\n<table style=\"height: 200px; ; width: 300px;\" border=\"0\" align=\"right\">\n<tbody>\n<tr>\n<td><div class='video_frame' data-ratio='1.55' style='height:193px;width:300px'><iframe class='youtube' style='height:100%;width:100%' src='https:\/\/www.youtube.com\/embed\/-7mBPikYIr8?autohide=2&amp;controls=1&amp;disablekb=0&amp;fs=1&amp;start=0&amp;loop=0&amp;rel=0&amp;showinfo=0&amp;theme=light&amp;modestbranding=1&amp;wmode=transparent' width='100%' height='100%' frameborder='0' webkitAllowFullScreen mozallowfullscreen allowfullscreen><\/iframe><\/div><\/td>\n<\/tr>\n<\/tbody>\n<\/table>\n<h4>Papeteries de Genval &#8211; Phase I<\/h4>\n<p>Atelier d&#8217;Architecture de Genval &amp; DDS<\/p>\n<h6>Place : Genval<br \/>\nCredit: DeltaLab<\/h6>\n<p>&nbsp;<\/p>\n<p>&nbsp;<\/p>\n<p>&nbsp;<\/p>\n<table style=\"height: 200px; ; width: 300px;\" border=\"0\" align=\"right\">\n<tbody>\n<tr>\n<td><div class='video_frame' data-ratio='1.55' style='height:193px;width:300px'><iframe class='youtube' style='height:100%;width:100%' src='https:\/\/www.youtube.com\/embed\/LYTY7kGccos?autohide=2&amp;controls=1&amp;disablekb=0&amp;fs=1&amp;start=0&amp;loop=0&amp;rel=0&amp;showinfo=0&amp;theme=light&amp;modestbranding=1&amp;wmode=transparent' width='100%' height='100%' frameborder='0' webkitAllowFullScreen mozallowfullscreen allowfullscreen><\/iframe><\/div><\/td>\n<\/tr>\n<\/tbody>\n<\/table>\n<h4>Papeteries de Genval &#8211; Phase II<\/h4>\n<p>Atelier d&#8217;Architecture de Genval &amp; DDS<\/p>\n<h6>Place : Genval<br \/>\nCredit: DeltaLab<\/h6>\n<p>&nbsp;<\/p>\n","protected":false},"excerpt":{"rendered":"<p>Archi Urbain Atelier d&#8217;Architecture de Genval \/ bureau d&#8217;Architectes With Andr\u00e9 Jacqmain and Benjamin N\u00e9lis Place : bureau de l\u2019Atelier d\u2019architecture \u00e0 Genval First diffusion on T\u00e9l\u00e9-Bruxelles : 15 march 2008 &nbsp; &nbsp; &nbsp; Archi Urbain Atelier d&#8217;Architecture de Genval \/ Axa With Bernard Lizin Place : Construction of a building for AXA at Rond &#8230;<\/p>\n","protected":false},"author":5,"featured_media":0,"parent":619,"menu_order":30,"comment_status":"closed","ping_status":"closed","template":"","meta":{"footnotes":""},"class_list":["post-1968","page","type-page","status-publish","hentry"],"_links":{"self":[{"href":"https:\/\/www.genval-architecture.be\/en\/wp-json\/wp\/v2\/pages\/1968","targetHints":{"allow":["GET"]}}],"collection":[{"href":"https:\/\/www.genval-architecture.be\/en\/wp-json\/wp\/v2\/pages"}],"about":[{"href":"https:\/\/www.genval-architecture.be\/en\/wp-json\/wp\/v2\/types\/page"}],"author":[{"embeddable":true,"href":"https:\/\/www.genval-architecture.be\/en\/wp-json\/wp\/v2\/users\/5"}],"replies":[{"embeddable":true,"href":"https:\/\/www.genval-architecture.be\/en\/wp-json\/wp\/v2\/comments?post=1968"}],"version-history":[{"count":0,"href":"https:\/\/www.genval-architecture.be\/en\/wp-json\/wp\/v2\/pages\/1968\/revisions"}],"up":[{"embeddable":true,"href":"https:\/\/www.genval-architecture.be\/en\/wp-json\/wp\/v2\/pages\/619"}],"wp:attachment":[{"href":"https:\/\/www.genval-architecture.be\/en\/wp-json\/wp\/v2\/media?parent=1968"}],"curies":[{"name":"wp","href":"https:\/\/api.w.org\/{rel}","templated":true}]}}