{"id":1603,"date":"2012-07-20T17:38:29","date_gmt":"2012-07-20T15:38:29","guid":{"rendered":"https:\/\/www.genval-architecture.be\/?page_id=1603"},"modified":"2023-02-02T16:43:20","modified_gmt":"2023-02-02T15:43:20","slug":"andre-jacqmain-en","status":"publish","type":"page","link":"https:\/\/www.genval-architecture.be\/en\/latelier\/the-team\/andre-jacqmain-en\/","title":{"rendered":"Andr\u00e9 JACQMAIN"},"content":{"rendered":"<h6 style=\"text-align: left;\"><img decoding=\"async\" class=\"alignright\" title=\"Andr\u00e9 JACQMAIN\" alt=\"\" src=\"https:\/\/www.genval-architecture.be\/wp-content\/uploads\/2012\/09\/AndreJacqmain.jpg\" width=\"140\" height=\"180\" \/>Acad\u00e9mie Royale des Beaux-Arts, Bruxelles, 1944<\/h6>\n<h6>Citoyen d&#8217;honneur de la commune de La Hulpe, (22 november 2013)<\/h6>\n<h6>Prix &#8220;P\u00f4le d&#8217;Or 2013\u2019\u2019 d\u00e9cern\u00e9 par la Ville d&#8217;Ottignies-Louvain-la-Neuve, P\u00f4le culturel du Brabant wallon (11 october 2013)<\/h6>\n<h6 style=\"text-align: left;\">Associ\u00e9 de la Classe des Arts de l&#8217;Acad\u00e9mie Royale de Belgique (29 march 2012)<\/h6>\n<h6 style=\"text-align: left;\">Commandeur dans l&#8217;Ordre des Arts et des Lettres de la R\u00e9publique Fran\u00e7aise (20<\/h6>\n<h6 style=\"text-align: left;\">april 2006)<\/h6>\n<h6 style=\"text-align: left;\">Commandeur de l\u2019Ordre de L\u00e9opold II (7 june 1985)<\/h6>\n<h6 style=\"text-align: left;\">Officier de l\u2019Ordre de L\u00e9opold (28 december 1973)<\/h6>\n<h6 style=\"text-align: left;\">Chevalier de la Couronne (4 november 1963)<\/h6>\n<h6 style=\"text-align: left;\">Prix de la Maison des Architectes, 1987<\/h6>\n<h6 style=\"text-align: left;\">Prix \u2018\u2019Victor Horta\u2019\u2019 de l\u2019Acad\u00e9mie Royale de Belgique, 1977 d\u00e9cern\u00e9 pour toute son<\/h6>\n<h6 style=\"text-align: left;\">\u0153uvre.<\/h6>\n<h6 style=\"text-align: left;\">Prix \u2018\u2019Gouden Feniks\u2019\u2019, 1987 attribu\u00e9 par la Commune de Torhout<\/h6>\n<h6 style=\"text-align: left;\">Founding partner with Jules Wabbes of\u00a0 Atelier de la rue de la P\u00e9pini\u00e8re (1951-1961)<\/h6>\n<h6 style=\"text-align: left;\">Founding partner of Atelier de l\u2019avenue de Gaulle (1962-1967)<\/h6>\n<h6 style=\"text-align: left;\">Founder the Atelier d\u2019Architecture de Genval in 1967<\/h6>\n<h6 style=\"text-align: left;\">Director of Atelier d&#8217;Architecture de Genval from 1989 to 2001<\/h6>\n","protected":false},"excerpt":{"rendered":"<p>Acad\u00e9mie Royale des Beaux-Arts, Bruxelles, 1944 Citoyen d&#8217;honneur de la commune de La Hulpe, (22 november 2013) Prix &#8220;P\u00f4le d&#8217;Or 2013\u2019\u2019 d\u00e9cern\u00e9 par la Ville d&#8217;Ottignies-Louvain-la-Neuve, P\u00f4le culturel du Brabant wallon (11 october 2013) Associ\u00e9 de la Classe des Arts de l&#8217;Acad\u00e9mie Royale de Belgique (29 march 2012) Commandeur dans l&#8217;Ordre des Arts et des &#8230;<\/p>\n","protected":false},"author":5,"featured_media":0,"parent":2347,"menu_order":110,"comment_status":"closed","ping_status":"closed","template":"","meta":{"footnotes":""},"class_list":["post-1603","page","type-page","status-publish","hentry"],"_links":{"self":[{"href":"https:\/\/www.genval-architecture.be\/en\/wp-json\/wp\/v2\/pages\/1603","targetHints":{"allow":["GET"]}}],"collection":[{"href":"https:\/\/www.genval-architecture.be\/en\/wp-json\/wp\/v2\/pages"}],"about":[{"href":"https:\/\/www.genval-architecture.be\/en\/wp-json\/wp\/v2\/types\/page"}],"author":[{"embeddable":true,"href":"https:\/\/www.genval-architecture.be\/en\/wp-json\/wp\/v2\/users\/5"}],"replies":[{"embeddable":true,"href":"https:\/\/www.genval-architecture.be\/en\/wp-json\/wp\/v2\/comments?post=1603"}],"version-history":[{"count":0,"href":"https:\/\/www.genval-architecture.be\/en\/wp-json\/wp\/v2\/pages\/1603\/revisions"}],"up":[{"embeddable":true,"href":"https:\/\/www.genval-architecture.be\/en\/wp-json\/wp\/v2\/pages\/2347"}],"wp:attachment":[{"href":"https:\/\/www.genval-architecture.be\/en\/wp-json\/wp\/v2\/media?parent=1603"}],"curies":[{"name":"wp","href":"https:\/\/api.w.org\/{rel}","templated":true}]}}